{"id":100,"date":"2020-02-16T14:36:23","date_gmt":"2020-02-16T13:36:23","guid":{"rendered":"http:\/\/aucoeurducouple.fr\/?page_id=100"},"modified":"2026-02-15T19:20:02","modified_gmt":"2026-02-15T18:20:02","slug":"qui-sommes-nous","status":"publish","type":"page","link":"https:\/\/aucoeurducouple.fr\/index.php\/qui-sommes-nous\/","title":{"rendered":"Qui sommes-nous"},"content":{"rendered":"<div  data-label=\"Content\" data-id=\"content--1\" data-export-id=\"content-7\" data-category=\"content\" class=\"content-7 content-section content-section-spacing content-relative\" id=\"content-1\" style=\"background-color: rgb(253, 253, 253); background-image: none;\" data-section-ov=\"1\"><div  class=\"gridContainer\"> <div  class=\"row middle-sm\"><div  class=\"col-sm-6 space-bottom-xs content-center-sm\" data-type=\"column\">  <h2  class=\"\"><span  style=\"font-family: Lobster, arial, helvetica, sans-serif; color: rgb(134, 118, 167);\">Qui sommes-nous ?<\/span><\/h2><p  class=\"\" style=\"text-align: justify;\">Nous sommes tous deux professionnels de l\u2019accompagnement personnel (psychologue et coach), mais par ailleurs, nous sommes aussi mari\u00e9s et parents de deux enfants qui sont maintenant adultes. Au fil des ann\u00e9es, nous avons chemin\u00e9 et exp\u00e9riment\u00e9 diff\u00e9rentes d\u00e9marches pour mieux nous accompagner dans notre \u00e9volution \u00e0 deux.<br >\nR\u00e9sultat : presque 30 ans apr\u00e8s notre rencontre et alors que nous avons v\u00e9cu quelques temp\u00eates ou changements de cap, nous sommes toujours heureux et enthousiastes \u00e0 l\u2019id\u00e9e de continuer l\u2019aventure ! Parce que nous avons conscience des travers\u00e9es que peut vivre un couple et des complications potentielles, nous avons souhait\u00e9 mettre en lumi\u00e8re les beaut\u00e9s du couple et les soins n\u00e9cessaires pour l\u2019entretenir.<br >\nAujourd\u2019hui, nous avons \u00e0 c\u0153ur de partager avec vous nos d\u00e9couvertes et nos exp\u00e9riences. Nous avons cr\u00e9\u00e9 \u00ab Les 4 piliers de la relation de couple \u00bb pour soutenir votre couple dans la travers\u00e9e des turbulences et vous aider \u00e0 enrichir votre relation.<\/p> <\/div> <div  class=\"col-sm-6 content-center-sm\" data-type=\"column\"> <img  decoding=\"async\" class=\"shadow-large\" src=\"http:\/\/aucoeurducouple.fr\/wp-content\/uploads\/2020\/02\/CassineYannick.jpg\" alt=\"\" title=\"CassineYannick\"><\/div> <\/div><\/div> <\/div><div  data-label=\"Content\" data-id=\"content--3\" data-export-id=\"content-8\" data-category=\"content\" class=\"content-8 content-section content-section-spacing\" id=\"content-3\" style=\"background-color: rgb(245, 250, 253);\"><div  class=\"gridContainer\"> <div  class=\"row middle-sm\"><div  class=\"col-sm-6 space-bottom-xs space-top-xs content-center-sm\" data-type=\"column\"> <img  decoding=\"async\" class=\"shadow-large\" src=\"http:\/\/aucoeurducouple.fr\/wp-content\/uploads\/2020\/02\/Cassine.jpg\" alt=\"\" title=\"Cassine\"><\/div> <div  class=\"col-sm-6 content-center-sm\" data-type=\"column\"><h2  class=\"\">Cassine Teheux, Psychologue en cabinet, Danse Th\u00e9rapeute, form\u00e9e \u00e0 la th\u00e9rapie de couple IMAGO<\/h2> <p  class=\"\" style=\"text-align: justify;\"><span  style=\"font-weight: 700; color: rgb(255, 152, 0);\">Ce que Yannick dit de Cassine<\/span>\n<br >\u00ab Cassine, c\u2019est d\u2019abord un grand sourire, et un c\u0153ur grand ouvert ! J\u2019ai tout de suite per\u00e7u chez elle une joie de vivre, une simplicit\u00e9, et surtout une grande douceur. Son cheminement permanent lui donne cette ouverture d\u2019esprit, cette \u00e9coute, et cette curiosit\u00e9 \u00e0 comprendre l\u2019autre pour mieux le soutenir. Lorsque l\u2019on anime ensemble, elle veille \u00e0 la qualit\u00e9 du lieu, du lien et du moment, en apportant vivacit\u00e9 et enchantement\u00bb. \n<br >Toutes ses activit\u00e9s sur www.corpsetparole.org<\/p> <\/div> <\/div><\/div> <\/div><div  data-label=\"Content\" data-id=\"content--2\" data-export-id=\"content-8\" data-category=\"content\" class=\"content-8 content-section content-section-spacing\" id=\"content-2\" style=\"background-color: rgb(255, 255, 255);\"><div  class=\"gridContainer\"> <div  class=\"row middle-sm\"><div  class=\"col-sm-6 space-bottom-xs space-top-xs content-center-sm\" data-type=\"column\"> <img  decoding=\"async\" class=\"shadow-large\" src=\"http:\/\/aucoeurducouple.fr\/wp-content\/uploads\/2026\/02\/cropped-cropped-cropped-photo-Yannick-couleur.jpg\" alt=\"\" title=\"cropped-cropped-cropped-photo-Yannick-couleur.jpg\"><\/div> <div  class=\"col-sm-6 content-center-sm\" data-type=\"column\"><h2  class=\"\" style=\"text-align: center;\">Yannick Bertin, Th\u00e9rapeute, facilitateur, coach, en cours de certification \u00e0 la th\u00e9rapie de couple Imago<\/h2> <p  class=\"\" style=\"text-align: justify;\"><span  style=\"font-weight: 700; color: rgb(255, 152, 0);\">Ce que Cassine dit de Yannick<\/span><br >\u00ab Yannick m\u2019a impressionn\u00e9e par sa maturit\u00e9, son s\u00e9rieux, sa profondeur. C\u2019est un chercheur dans l\u2019\u00e2me, un passionn\u00e9. Depuis quelques ann\u00e9es, il rel\u00e8ve le d\u00e9fi du couple avec le m\u00eame engagement, c\u2019est un privil\u00e8ge de cheminer \u00e0 ses c\u00f4t\u00e9s.<br >\nAu sein de nos animations, Yannick est le p\u00e9dagogue chaleureux qui vous apportera des r\u00e9ponses en s\u2019appuyant sur ses recherches th\u00e9oriques, ou sur les apports des neurosciences\u00bb. \n<br >Retrouvez ses autres activit\u00e9s sur son site : <a  data-mce-href=\"https:\/\/yannickbertin.fr\/\" href=\"https:\/\/yannickbertin.fr\" target=\"_blank\" rel=\"noopener\" data-mce-selected=\"inline-boundary\" data-cp-link=\"1\" class=\"\">www.yannickbertin.fr<\/a><\/p> <\/div> <\/div><\/div> <\/div><div  data-label=\"Cta\" data-id=\"cta--2\" data-export-id=\"cta-centered-bg-section\" data-category=\"cta\" data-section-ov=\"1\" class=\"cta-centered-bg-section content-section content-section-spacing-medium white-text\" data-parallax-depth=\"20\" id=\"cta-2\" style=\"background-color: rgba(255, 255, 255, 0); background-image: none;\"><div  class=\"gridContainer\"> <div  class=\"row text-center\"><div  data-type=\"column\" class=\"\">  <a  class=\"button color7 outline\" href=\"https:\/\/aucoeurducouple.fr\/index.php\/contact\" target=\"_self\" data-cp-link=\"1\" data-icon=\"\" rel=\"noopener noreferrer\">Contactez-nous<\/a><\/div> <\/div><\/div> <\/div><div  data-label=\"Cta\" data-id=\"cta--1\" data-export-id=\"cta-centered-section-grid\" data-category=\"cta\" class=\"cta-centered-section-grid content-section content-section-spacing-medium bg-color1 white-text\" id=\"cta-1\" style=\"background-image: none; background-color: rgb(255, 152, 0);\"><div  class=\"gridContainer\"> <div  class=\"row text-center\"><div  class=\"col-xs-12 col-sm-10 col-sm-offset-1 col-md-8 col-md-offset-2\" data-type=\"column\"> <h2  class=\"\">D\u00e9couvrez nos autres activit\u00e9s :<\/h2> <p  class=\"\"><span  style=\"font-weight: 700;\">Cassine<\/span>&nbsp;est psychologue en cabinet et propose par ailleurs des th\u00e9rapies de groupes \net des ateliers de danse sensitive. \n<br >Toutes ses activit\u00e9s sur : www.corpsetparole.org<br ><span  style=\"font-weight: 700;\">Yannick<\/span> anime des ateliers collectifs et des suivis individuels utilisant la respiration comme outils, pratique et art de vivre.&nbsp;<br >Toutes les informations sur le site www.yannickbertin.fr<\/p> <a  class=\"button color6\" href=\"http:\/\/www.corpsetparole.org\" target=\"_blank\" data-cp-link=\"1\" data-icon=\"\" rel=\"noopener noreferrer\">Visitez le site<\/a><\/div> <\/div><\/div> <\/div>","protected":false},"excerpt":{"rendered":"<p>Qui sommes-nous ?Nous sommes tous deux professionnels de l\u2019accompagnement personnel (psychologue et coach), mais par ailleurs, nous sommes aussi mari\u00e9s et parents de deux enfants qui sont maintenant adultes. Au fil des ann\u00e9es, nous avons chemin\u00e9 et exp\u00e9riment\u00e9 diff\u00e9rentes d\u00e9marches pour mieux nous accompagner dans notre \u00e9volution \u00e0 deux. R\u00e9sultat : presque 30 ans apr\u00e8s&hellip; <br \/> <a class=\"read-more\" href=\"https:\/\/aucoeurducouple.fr\/index.php\/qui-sommes-nous\/\">Lire la suite<\/a><\/p>\n","protected":false},"author":1,"featured_media":757,"parent":0,"menu_order":0,"comment_status":"closed","ping_status":"closed","template":"pro\/page-templates\/full-width-page.php","meta":{"footnotes":""},"class_list":["post-100","page","type-page","status-publish","has-post-thumbnail","hentry"],"yoast_head":"<!-- This site is optimized with the Yoast SEO plugin v27.1.1 - https:\/\/yoast.com\/product\/yoast-seo-wordpress\/ -->\n<title>Qui sommes-nous - Au Coeur du Couple<\/title>\n<meta name=\"robots\" content=\"index, follow, max-snippet:-1, max-image-preview:large, max-video-preview:-1\" \/>\n<link rel=\"canonical\" href=\"https:\/\/aucoeurducouple.fr\/index.php\/qui-sommes-nous\/\" \/>\n<meta property=\"og:locale\" content=\"fr_FR\" \/>\n<meta property=\"og:type\" content=\"article\" \/>\n<meta property=\"og:title\" content=\"Qui sommes-nous - Au Coeur du Couple\" \/>\n<meta property=\"og:description\" content=\"Qui sommes-nous ?Nous sommes tous deux professionnels de l\u2019accompagnement personnel (psychologue et coach), mais par ailleurs, nous sommes aussi mari\u00e9s et parents de deux enfants qui sont maintenant adultes. Au fil des ann\u00e9es, nous avons chemin\u00e9 et exp\u00e9riment\u00e9 diff\u00e9rentes d\u00e9marches pour mieux nous accompagner dans notre \u00e9volution \u00e0 deux. R\u00e9sultat : presque 30 ans apr\u00e8s&hellip; Lire la suite\" \/>\n<meta property=\"og:url\" content=\"https:\/\/aucoeurducouple.fr\/index.php\/qui-sommes-nous\/\" \/>\n<meta property=\"og:site_name\" content=\"Au Coeur du Couple\" \/>\n<meta property=\"article:modified_time\" content=\"2026-02-15T18:20:02+00:00\" \/>\n<meta property=\"og:image\" content=\"http:\/\/aucoeurducouple.fr\/wp-content\/uploads\/2020\/03\/mains2.jpg\" \/>\n\t<meta property=\"og:image:width\" content=\"1920\" \/>\n\t<meta property=\"og:image:height\" content=\"953\" \/>\n\t<meta property=\"og:image:type\" content=\"image\/jpeg\" \/>\n<meta name=\"twitter:card\" content=\"summary_large_image\" \/>\n<meta name=\"twitter:label1\" content=\"Dur\u00e9e de lecture estim\u00e9e\" \/>\n\t<meta name=\"twitter:data1\" content=\"2 minutes\" \/>\n<script type=\"application\/ld+json\" class=\"yoast-schema-graph\">{\"@context\":\"https:\/\/schema.org\",\"@graph\":[{\"@type\":\"WebPage\",\"@id\":\"https:\/\/aucoeurducouple.fr\/index.php\/qui-sommes-nous\/\",\"url\":\"https:\/\/aucoeurducouple.fr\/index.php\/qui-sommes-nous\/\",\"name\":\"Qui sommes-nous - Au Coeur du Couple\",\"isPartOf\":{\"@id\":\"https:\/\/aucoeurducouple.fr\/#website\"},\"primaryImageOfPage\":{\"@id\":\"https:\/\/aucoeurducouple.fr\/index.php\/qui-sommes-nous\/#primaryimage\"},\"image\":{\"@id\":\"https:\/\/aucoeurducouple.fr\/index.php\/qui-sommes-nous\/#primaryimage\"},\"thumbnailUrl\":\"https:\/\/aucoeurducouple.fr\/wp-content\/uploads\/2020\/03\/mains2.jpg\",\"datePublished\":\"2020-02-16T13:36:23+00:00\",\"dateModified\":\"2026-02-15T18:20:02+00:00\",\"breadcrumb\":{\"@id\":\"https:\/\/aucoeurducouple.fr\/index.php\/qui-sommes-nous\/#breadcrumb\"},\"inLanguage\":\"fr-FR\",\"potentialAction\":[{\"@type\":\"ReadAction\",\"target\":[\"https:\/\/aucoeurducouple.fr\/index.php\/qui-sommes-nous\/\"]}]},{\"@type\":\"ImageObject\",\"inLanguage\":\"fr-FR\",\"@id\":\"https:\/\/aucoeurducouple.fr\/index.php\/qui-sommes-nous\/#primaryimage\",\"url\":\"https:\/\/aucoeurducouple.fr\/wp-content\/uploads\/2020\/03\/mains2.jpg\",\"contentUrl\":\"https:\/\/aucoeurducouple.fr\/wp-content\/uploads\/2020\/03\/mains2.jpg\",\"width\":1920,\"height\":953},{\"@type\":\"BreadcrumbList\",\"@id\":\"https:\/\/aucoeurducouple.fr\/index.php\/qui-sommes-nous\/#breadcrumb\",\"itemListElement\":[{\"@type\":\"ListItem\",\"position\":1,\"name\":\"Accueil\",\"item\":\"https:\/\/aucoeurducouple.fr\/\"},{\"@type\":\"ListItem\",\"position\":2,\"name\":\"Qui sommes-nous\"}]},{\"@type\":\"WebSite\",\"@id\":\"https:\/\/aucoeurducouple.fr\/#website\",\"url\":\"https:\/\/aucoeurducouple.fr\/\",\"name\":\"Au Coeur du Couple\",\"description\":\"Les 4 piliers de la relation amoureuse\",\"publisher\":{\"@id\":\"https:\/\/aucoeurducouple.fr\/#organization\"},\"potentialAction\":[{\"@type\":\"SearchAction\",\"target\":{\"@type\":\"EntryPoint\",\"urlTemplate\":\"https:\/\/aucoeurducouple.fr\/?s={search_term_string}\"},\"query-input\":{\"@type\":\"PropertyValueSpecification\",\"valueRequired\":true,\"valueName\":\"search_term_string\"}}],\"inLanguage\":\"fr-FR\"},{\"@type\":\"Organization\",\"@id\":\"https:\/\/aucoeurducouple.fr\/#organization\",\"name\":\"Au Coeur du Couple\",\"url\":\"https:\/\/aucoeurducouple.fr\/\",\"logo\":{\"@type\":\"ImageObject\",\"inLanguage\":\"fr-FR\",\"@id\":\"https:\/\/aucoeurducouple.fr\/#\/schema\/logo\/image\/\",\"url\":\"https:\/\/aucoeurducouple.fr\/wp-content\/uploads\/2020\/02\/logo1.png\",\"contentUrl\":\"https:\/\/aucoeurducouple.fr\/wp-content\/uploads\/2020\/02\/logo1.png\",\"width\":161,\"height\":144,\"caption\":\"Au Coeur du Couple\"},\"image\":{\"@id\":\"https:\/\/aucoeurducouple.fr\/#\/schema\/logo\/image\/\"}}]}<\/script>\n<!-- \/ Yoast SEO plugin. -->","yoast_head_json":{"title":"Qui sommes-nous - Au Coeur du Couple","robots":{"index":"index","follow":"follow","max-snippet":"max-snippet:-1","max-image-preview":"max-image-preview:large","max-video-preview":"max-video-preview:-1"},"canonical":"https:\/\/aucoeurducouple.fr\/index.php\/qui-sommes-nous\/","og_locale":"fr_FR","og_type":"article","og_title":"Qui sommes-nous - Au Coeur du Couple","og_description":"Qui sommes-nous ?Nous sommes tous deux professionnels de l\u2019accompagnement personnel (psychologue et coach), mais par ailleurs, nous sommes aussi mari\u00e9s et parents de deux enfants qui sont maintenant adultes. Au fil des ann\u00e9es, nous avons chemin\u00e9 et exp\u00e9riment\u00e9 diff\u00e9rentes d\u00e9marches pour mieux nous accompagner dans notre \u00e9volution \u00e0 deux. R\u00e9sultat : presque 30 ans apr\u00e8s&hellip; Lire la suite","og_url":"https:\/\/aucoeurducouple.fr\/index.php\/qui-sommes-nous\/","og_site_name":"Au Coeur du Couple","article_modified_time":"2026-02-15T18:20:02+00:00","og_image":[{"width":1920,"height":953,"url":"http:\/\/aucoeurducouple.fr\/wp-content\/uploads\/2020\/03\/mains2.jpg","type":"image\/jpeg"}],"twitter_card":"summary_large_image","twitter_misc":{"Dur\u00e9e de lecture estim\u00e9e":"2 minutes"},"schema":{"@context":"https:\/\/schema.org","@graph":[{"@type":"WebPage","@id":"https:\/\/aucoeurducouple.fr\/index.php\/qui-sommes-nous\/","url":"https:\/\/aucoeurducouple.fr\/index.php\/qui-sommes-nous\/","name":"Qui sommes-nous - Au Coeur du Couple","isPartOf":{"@id":"https:\/\/aucoeurducouple.fr\/#website"},"primaryImageOfPage":{"@id":"https:\/\/aucoeurducouple.fr\/index.php\/qui-sommes-nous\/#primaryimage"},"image":{"@id":"https:\/\/aucoeurducouple.fr\/index.php\/qui-sommes-nous\/#primaryimage"},"thumbnailUrl":"https:\/\/aucoeurducouple.fr\/wp-content\/uploads\/2020\/03\/mains2.jpg","datePublished":"2020-02-16T13:36:23+00:00","dateModified":"2026-02-15T18:20:02+00:00","breadcrumb":{"@id":"https:\/\/aucoeurducouple.fr\/index.php\/qui-sommes-nous\/#breadcrumb"},"inLanguage":"fr-FR","potentialAction":[{"@type":"ReadAction","target":["https:\/\/aucoeurducouple.fr\/index.php\/qui-sommes-nous\/"]}]},{"@type":"ImageObject","inLanguage":"fr-FR","@id":"https:\/\/aucoeurducouple.fr\/index.php\/qui-sommes-nous\/#primaryimage","url":"https:\/\/aucoeurducouple.fr\/wp-content\/uploads\/2020\/03\/mains2.jpg","contentUrl":"https:\/\/aucoeurducouple.fr\/wp-content\/uploads\/2020\/03\/mains2.jpg","width":1920,"height":953},{"@type":"BreadcrumbList","@id":"https:\/\/aucoeurducouple.fr\/index.php\/qui-sommes-nous\/#breadcrumb","itemListElement":[{"@type":"ListItem","position":1,"name":"Accueil","item":"https:\/\/aucoeurducouple.fr\/"},{"@type":"ListItem","position":2,"name":"Qui sommes-nous"}]},{"@type":"WebSite","@id":"https:\/\/aucoeurducouple.fr\/#website","url":"https:\/\/aucoeurducouple.fr\/","name":"Au Coeur du Couple","description":"Les 4 piliers de la relation amoureuse","publisher":{"@id":"https:\/\/aucoeurducouple.fr\/#organization"},"potentialAction":[{"@type":"SearchAction","target":{"@type":"EntryPoint","urlTemplate":"https:\/\/aucoeurducouple.fr\/?s={search_term_string}"},"query-input":{"@type":"PropertyValueSpecification","valueRequired":true,"valueName":"search_term_string"}}],"inLanguage":"fr-FR"},{"@type":"Organization","@id":"https:\/\/aucoeurducouple.fr\/#organization","name":"Au Coeur du Couple","url":"https:\/\/aucoeurducouple.fr\/","logo":{"@type":"ImageObject","inLanguage":"fr-FR","@id":"https:\/\/aucoeurducouple.fr\/#\/schema\/logo\/image\/","url":"https:\/\/aucoeurducouple.fr\/wp-content\/uploads\/2020\/02\/logo1.png","contentUrl":"https:\/\/aucoeurducouple.fr\/wp-content\/uploads\/2020\/02\/logo1.png","width":161,"height":144,"caption":"Au Coeur du Couple"},"image":{"@id":"https:\/\/aucoeurducouple.fr\/#\/schema\/logo\/image\/"}}]}},"_links":{"self":[{"href":"https:\/\/aucoeurducouple.fr\/index.php\/wp-json\/wp\/v2\/pages\/100","targetHints":{"allow":["GET"]}}],"collection":[{"href":"https:\/\/aucoeurducouple.fr\/index.php\/wp-json\/wp\/v2\/pages"}],"about":[{"href":"https:\/\/aucoeurducouple.fr\/index.php\/wp-json\/wp\/v2\/types\/page"}],"author":[{"embeddable":true,"href":"https:\/\/aucoeurducouple.fr\/index.php\/wp-json\/wp\/v2\/users\/1"}],"replies":[{"embeddable":true,"href":"https:\/\/aucoeurducouple.fr\/index.php\/wp-json\/wp\/v2\/comments?post=100"}],"version-history":[{"count":33,"href":"https:\/\/aucoeurducouple.fr\/index.php\/wp-json\/wp\/v2\/pages\/100\/revisions"}],"predecessor-version":[{"id":1306,"href":"https:\/\/aucoeurducouple.fr\/index.php\/wp-json\/wp\/v2\/pages\/100\/revisions\/1306"}],"wp:featuredmedia":[{"embeddable":true,"href":"https:\/\/aucoeurducouple.fr\/index.php\/wp-json\/wp\/v2\/media\/757"}],"wp:attachment":[{"href":"https:\/\/aucoeurducouple.fr\/index.php\/wp-json\/wp\/v2\/media?parent=100"}],"curies":[{"name":"wp","href":"https:\/\/api.w.org\/{rel}","templated":true}]}}