{"id":138,"date":"2020-02-16T17:06:24","date_gmt":"2020-02-16T16:06:24","guid":{"rendered":"http:\/\/aucoeurducouple.fr\/?page_id=138"},"modified":"2025-06-06T15:25:05","modified_gmt":"2025-06-06T13:25:05","slug":"nos-fondements","status":"publish","type":"page","link":"https:\/\/aucoeurducouple.fr\/index.php\/nos-fondements\/","title":{"rendered":"Nos fondements"},"content":{"rendered":"<div  data-label=\"Content\" data-id=\"content--1\" data-export-id=\"content-12\" data-category=\"content\" class=\"content-12 content-section content-section-spacing\" id=\"content-1\" style=\"background-color: rgb(255, 255, 255);\"><div  class=\"gridContainer\"> <div  class=\"row text-center\"><div  class=\"section-title-col\" data-type=\"column\"> <h2  class=\"\"><span  style=\"font-family: Lobster, arial, helvetica, sans-serif; color: rgb(134, 118, 167);\">Nos fondements :<\/span><\/h2> <p  class=\"lead\" style=\"text-align: left;\">La majorit\u00e9 d\u2019entre nous aspire \u00e0 vivre en couple. A la fois par habitude, car le couple est le mod\u00e8le le plus courant pour fonder une famille et par attrait personnel, pour go\u00fbter \u00e0 cette source de bonheur et d\u2019amour.<\/p><p  class=\"\" style=\"text-align: left;\">Pourtant, notre soci\u00e9t\u00e9 actuelle ne nous facilite pas la t\u00e2che : rester en couple est une v\u00e9ritable aventure jalonn\u00e9e d\u2019\u00e9preuves ! Notre soci\u00e9t\u00e9 nous invite plut\u00f4t \u00e0 :<br >\r\n\u2022\tConsommer toujours plus et \u00e0 zapper d\u00e8s que l\u2019on se lasse<br >\r\n\u2022\tChercher la satisfaction imm\u00e9diate sur des sites de rencontre centr\u00e9s sur le physique<br >\r\n\u2022\tD\u00eener avec nos \u00e9crans plut\u00f4t qu\u2019avec nos proches<br >\r\n\u2022\tRenoncer aux efforts et \u00e0 l\u2019engagement au profit de la jouissance et du fantasme de la libert\u00e9<br >\r\n\u2022\tVivre en individualiste comme s\u2019il n\u2019y avait que \u00ab moi moi moi \u00bb sur Terre\r\n<\/p><p  class=\"lead\"><span  style=\"font-weight: 700; color: rgb(134, 118, 167);\">Quelques chiffres sur le mariage et les causes de s\u00e9paration<\/span><\/p><p  class=\"\"><span  style=\"color: rgb(140, 35, 159); font-weight: 700;\">\r\n<span  style=\"color: rgb(52, 58, 64); font-weight: 300;\">En France en 2019 :<\/span><\/span><\/p><a  data-cp-link=\"1\" href=\"#\" class=\"\"><img decoding=\"async\"  class=\"custom-image\" src=\"http:\/\/aucoeurducouple.fr\/wp-content\/uploads\/2020\/02\/mariage-divorce.png\" alt=\"\" title=\"mariage-divorce\"><\/a><\/div> <\/div> <div  class=\"row center-xs middle-xs\"> <div  class=\"col-sm-9\" data-type=\"column\"> <p  class=\"\" style=\"text-align: left;\">Plus de 50% des causes de divorces sont dues \u00e0 l\u2019infid\u00e9lit\u00e9 (pour 33%) et \u00e0 l\u2019\u00e9go\u00efsme du partenaire (dont le manque d\u2019affection et de soutien ressenti pour 22%)<\/p><img decoding=\"async\"  class=\"custom-image\" src=\"http:\/\/aucoeurducouple.fr\/wp-content\/uploads\/2020\/02\/cropped-causes-divorce-1.jpg\" alt=\"\" title=\"cropped-causes-divorce-1.jpg\"><p  class=\"lead\"><span  style=\"font-weight: 700; color: rgb(134, 118, 167);\">L\u2019amour n\u2019est pas un conte de f\u00e9es<\/span><\/p><p  class=\"\" style=\"text-align: left;\"><span  style=\"font-weight: 700; color: rgb(140, 35, 159);\">\r\n<\/span>Pourtant, tomber amoureux se fait assez naturellement.<br >\r\nEn plus, les hormones nous y aident jusqu\u2019\u00e0 nous faire croire que l\u2019autre n\u2019a que des qualit\u00e9s. Aimer et \u00eatre aim\u00e9 nous transporte, la vie est plus belle, les \u00e9preuves moins lourdes \u00e0 porter. Les relations sexuelles sont surprenantes, amoureuses, enivrantes. On se sent bien et l\u2019avenir semble rose.<br >\r\nPuis le temps passe.<br >\r\nDans les contes c\u2019est facile, l\u2019histoire s\u2019arr\u00eate \u00e0 \u00ab ils v\u00e9curent heureux et eurent beaucoup d\u2019enfants \u00bb. On ne sait pas que le prince est parfois tent\u00e9 d\u2019aller voir ailleurs et que la princesse s\u2019ennuie \u00e0 mourir dans la routine de la vie de ch\u00e2teau. Sans l\u2019aide des f\u00e9es, les couples de notre enfance ne dureraient pas.<br >\r\nDans le monde r\u00e9el, les f\u00e9es ne sont pas l\u00e0 pour nous aider quand la passion amoureuse du d\u00e9but s\u2019en va. On apprend \u00e0 rester en couple, joies apr\u00e8s joies mais aussi \u00e9preuves apr\u00e8s \u00e9preuves\u2026 Jusqu\u2019\u00e0 trouver l\u2019\u00e9quilibre bienveillant de notre couple\u2026 ou jusqu\u2019\u00e0 ce que la lassitude nous \u00e9loigne.\r\n<\/p><img decoding=\"async\"  class=\"custom-image\" src=\"http:\/\/aucoeurducouple.fr\/wp-content\/uploads\/2020\/02\/cropped-princesses.jpg\" alt=\"\" title=\"cropped-princesses.jpg\"><p  class=\"lead\"><span  style=\"font-weight: 700; color: rgb(134, 118, 167);\">Des solutions existent pour faire durer l\u2019amour<\/span><\/p><p  class=\"\" style=\"text-align: left;\">Heureusement, des chemins existent pour faire durer votre couple. Vous pouvez apprendre \u00e0 renforcer l\u2019amiti\u00e9, l\u2019amour et la complicit\u00e9 entre vous !<\/p><img decoding=\"async\"  class=\"custom-image\" src=\"http:\/\/aucoeurducouple.fr\/wp-content\/uploads\/2020\/02\/solutions-1-1.png\" alt=\"\" title=\"solutions-1\"><p  class=\"\" style=\"text-align: left;\">Cela va vous demander de prendre soin de vous, de l\u2019autre, de votre relation amoureuse et donc de cet espace appel\u00e9 : \u00ab l\u2019espace entre\u00bb.<\/p><img decoding=\"async\"  class=\"custom-image\" src=\"http:\/\/aucoeurducouple.fr\/wp-content\/uploads\/2022\/08\/cropped-image4bis-1.png\" alt=\"\" title=\"cropped-image4bis-1.png\"><p  class=\"lead\"><span  style=\"font-weight: 700; color: rgb(134, 118, 167);\">\r\n<br >Les 4 piliers pour soutenir une relation amoureuse de qualit\u00e9<\/span><\/p><p  class=\"\" style=\"text-align: left;\">Nous avons cr\u00e9\u00e9 \u00ab Les 4 piliers de la relation amoureuse \u00bb. Nous parlons de pilier car, comme des massifs qui servent \u00e0 soutenir quelques parties d\u2019un \u00e9difice, ils sont indispensables \u00e0 la construction d\u2019une relation amoureuse solide et durable.<br >\r\nTout comme les piliers du c\u0153ur qui sont des muscles, nos piliers se renforcent et s\u2019entretiennent.<br >\r\nDans l\u2019architecture les piliers d\u00e9finissent un style. Chaque couple a aussi son propre style, un style qui \u00e9volue avec le temps, mais qui reste toujours unique !<\/p><h3  class=\"\"><span  style=\"color: rgb(134, 118, 167); font-style: italic;\">La vie amoureuse est belle quand le couple est solide, plein d\u2019attention, engag\u00e9, cr\u00e9atif, sensuel et sexuel, \u2026 et toujours en mouvement !<\/span><\/h3><img decoding=\"async\"  class=\"custom-image\" src=\"http:\/\/aucoeurducouple.fr\/wp-content\/uploads\/2020\/03\/4-piliers.png\" alt=\"\" title=\"4-piliers\"><a data-cp-link=\"1\" href=\"https:\/\/aucoeurducouple.fr\/wp-content\/uploads\/2020\/03\/tableau2.jpg\" class=\"\" target=\"_blank\" rel=\"noopener\"><img decoding=\"async\"  class=\"custom-image\" src=\"http:\/\/aucoeurducouple.fr\/wp-content\/uploads\/2020\/03\/tableau2-S.jpg\" alt=\"\" title=\"tableau2-S\"><\/a><p  class=\"\"><span  style=\"font-style: italic; font-family: Muli, arial, helvetica, sans-serif; font-weight: 600; color: rgb(228, 91, 49);\">Cliquez sur le sch\u00e9ma pour agrandir<\/span><\/p><p  class=\"lead\"><span  style=\"font-weight: 700; color: rgb(134, 118, 167);\">\r\n<br >Vous pr\u00e9parer \u00e0 bien vivre en couple<\/span><\/p><p  class=\"lead\" style=\"text-align: left;\">\r\nCes piliers se construisent, se fa\u00e7onnent, se renforcent \u00e0 deux et sont la signature de chaque couple. Comme tout travail de construction, ou travail artistique cela demande une disposition d\u2019esprit et une certaine pr\u00e9paration personnelle. Nous vous aidons \u00e0 d\u00e9velopper en vous les fondements d\u2019une vie de couple saine et sereine :<\/p><p  class=\"lead\"><span  style=\"font-weight: 700; color: rgb(134, 118, 167);\">Les 4 fondements :<\/span><\/p><img decoding=\"async\"  class=\"custom-image\" src=\"http:\/\/aucoeurducouple.fr\/wp-content\/uploads\/2020\/03\/cropped-communiquer.jpg\" alt=\"\" title=\"cropped-communiquer.jpg\"><p  class=\"\">\r\n\r\n<\/p><p  class=\"\">\r\nEnfin, nous vous initions \u00e0 la pratique de l\u2019ingr\u00e9dient secret qui permet de construire ensemble votre couple \u00e0 la hauteur de votre ambition partag\u00e9e :<\/p><h3  class=\"\"><span  style=\"font-weight: 900; color: rgb(134, 118, 167);\">la communication.<\/span><\/h3><img decoding=\"async\"  class=\"custom-image\" src=\"http:\/\/aucoeurducouple.fr\/wp-content\/uploads\/2020\/02\/cropped-communication-4.png\" alt=\"\" title=\"cropped-communication-4.png\"><p  class=\"\" style=\"text-align: left;\">C\u2019est-\u00e0-dire : s\u2019exprimer avec authenticit\u00e9 et sinc\u00e9rit\u00e9, oser s\u2019ouvrir, parler de soi<br >\r\nEcouter avec empathie, avec la curiosit\u00e9 de d\u00e9couvrir l\u2019autre et l\u2019envie de le comprendre.<br >\r\nMais quand la communication n\u2019est plus ou pas possible, quand la relation devient st\u00e9rile et ne se vit plus qu\u2019\u00e0 travers l\u2019incompr\u00e9hension, le d\u00e9sint\u00e9r\u00eat ou la souffrance, la s\u00e9paration devient une piste \u00e0 envisager.<\/p><p  class=\"lead\"><span  style=\"font-weight: 700; color: rgb(134, 118, 167);\">Vivre son couple en conscience<\/span><\/p><p  class=\"\" style=\"text-align: left;\">Les 4 piliers, les 4 fondements et la communication sont la base de notre travail, de nos recherches et de notre exp\u00e9rience. Se vivre comme un couple attentionn\u00e9, cr\u00e9atif, engag\u00e9 et sexuel demande d\u2019approfondir la connaissance de soi et d\u2019accueillir ses blessures personnelles pour qu\u2019elles ne p\u00e8sent pas sur la relation. Le couple devient alors une source d\u2019\u00e9panouissement pour les deux partenaires et nous relie profond\u00e9ment \u00e0 notre Humanit\u00e9 et \u00e0 notre spiritualit\u00e9 quelques soient nos croyances..<\/p><h3  class=\"\"><span  style=\"color: rgb(134, 118, 167); font-style: italic;\">Construisez, soutenez et dansez votre couple pour traverser la vie avec fluidit\u00e9, complicit\u00e9, spiritualit\u00e9 et joie !<\/span><\/h3><img decoding=\"async\"  class=\"custom-image\" src=\"http:\/\/aucoeurducouple.fr\/wp-content\/uploads\/2020\/02\/cropped-couple-1.jpg\" alt=\"\" title=\"cropped-couple-1.jpg\"><a class=\"button color7 outline\" href=\"https:\/\/aucoeurducouple.fr\/index.php\/contact\" target=\"_self\" data-cp-link=\"1\" data-icon=\"\" rel=\"noopener\">Contactez-nous<\/a><\/div> <\/div><\/div> <\/div>","protected":false},"excerpt":{"rendered":"<p>Nos fondements : La majorit\u00e9 d\u2019entre nous aspire \u00e0 vivre en couple. A la fois par habitude, car le couple est le mod\u00e8le le plus courant pour fonder une famille et par attrait personnel, pour go\u00fbter \u00e0 cette source de bonheur et d\u2019amour.Pourtant, notre soci\u00e9t\u00e9 actuelle ne nous facilite pas la t\u00e2che : rester en&hellip; <br \/> <a class=\"read-more\" href=\"https:\/\/aucoeurducouple.fr\/index.php\/nos-fondements\/\">Lire la suite<\/a><\/p>\n","protected":false},"author":1,"featured_media":0,"parent":0,"menu_order":0,"comment_status":"closed","ping_status":"closed","template":"pro\/page-templates\/full-width-page.php","meta":{"footnotes":""},"class_list":["post-138","page","type-page","status-publish","hentry"],"yoast_head":"<!-- This site is optimized with the Yoast SEO plugin v27.1.1 - https:\/\/yoast.com\/product\/yoast-seo-wordpress\/ -->\n<title>Nos fondements - Au Coeur du Couple<\/title>\n<meta name=\"robots\" content=\"index, follow, max-snippet:-1, max-image-preview:large, max-video-preview:-1\" \/>\n<link rel=\"canonical\" href=\"https:\/\/aucoeurducouple.fr\/index.php\/nos-fondements\/\" \/>\n<meta property=\"og:locale\" content=\"fr_FR\" \/>\n<meta property=\"og:type\" content=\"article\" \/>\n<meta property=\"og:title\" content=\"Nos fondements - Au Coeur du Couple\" \/>\n<meta property=\"og:description\" content=\"Nos fondements : La majorit\u00e9 d\u2019entre nous aspire \u00e0 vivre en couple. A la fois par habitude, car le couple est le mod\u00e8le le plus courant pour fonder une famille et par attrait personnel, pour go\u00fbter \u00e0 cette source de bonheur et d\u2019amour.Pourtant, notre soci\u00e9t\u00e9 actuelle ne nous facilite pas la t\u00e2che : rester en&hellip; Lire la suite\" \/>\n<meta property=\"og:url\" content=\"https:\/\/aucoeurducouple.fr\/index.php\/nos-fondements\/\" \/>\n<meta property=\"og:site_name\" content=\"Au Coeur du Couple\" \/>\n<meta property=\"article:modified_time\" content=\"2025-06-06T13:25:05+00:00\" \/>\n<meta property=\"og:image\" content=\"http:\/\/aucoeurducouple.fr\/wp-content\/uploads\/2020\/02\/mariage-divorce.png\" \/>\n<meta name=\"twitter:card\" content=\"summary_large_image\" \/>\n<meta name=\"twitter:label1\" content=\"Dur\u00e9e de lecture estim\u00e9e\" \/>\n\t<meta name=\"twitter:data1\" content=\"6 minutes\" \/>\n<script type=\"application\/ld+json\" class=\"yoast-schema-graph\">{\"@context\":\"https:\/\/schema.org\",\"@graph\":[{\"@type\":\"WebPage\",\"@id\":\"https:\/\/aucoeurducouple.fr\/index.php\/nos-fondements\/\",\"url\":\"https:\/\/aucoeurducouple.fr\/index.php\/nos-fondements\/\",\"name\":\"Nos fondements - Au Coeur du Couple\",\"isPartOf\":{\"@id\":\"https:\/\/aucoeurducouple.fr\/#website\"},\"primaryImageOfPage\":{\"@id\":\"https:\/\/aucoeurducouple.fr\/index.php\/nos-fondements\/#primaryimage\"},\"image\":{\"@id\":\"https:\/\/aucoeurducouple.fr\/index.php\/nos-fondements\/#primaryimage\"},\"thumbnailUrl\":\"http:\/\/aucoeurducouple.fr\/wp-content\/uploads\/2020\/02\/mariage-divorce.png\",\"datePublished\":\"2020-02-16T16:06:24+00:00\",\"dateModified\":\"2025-06-06T13:25:05+00:00\",\"breadcrumb\":{\"@id\":\"https:\/\/aucoeurducouple.fr\/index.php\/nos-fondements\/#breadcrumb\"},\"inLanguage\":\"fr-FR\",\"potentialAction\":[{\"@type\":\"ReadAction\",\"target\":[\"https:\/\/aucoeurducouple.fr\/index.php\/nos-fondements\/\"]}]},{\"@type\":\"ImageObject\",\"inLanguage\":\"fr-FR\",\"@id\":\"https:\/\/aucoeurducouple.fr\/index.php\/nos-fondements\/#primaryimage\",\"url\":\"https:\/\/aucoeurducouple.fr\/wp-content\/uploads\/2020\/02\/mariage-divorce.png\",\"contentUrl\":\"https:\/\/aucoeurducouple.fr\/wp-content\/uploads\/2020\/02\/mariage-divorce.png\",\"width\":1800,\"height\":318},{\"@type\":\"BreadcrumbList\",\"@id\":\"https:\/\/aucoeurducouple.fr\/index.php\/nos-fondements\/#breadcrumb\",\"itemListElement\":[{\"@type\":\"ListItem\",\"position\":1,\"name\":\"Accueil\",\"item\":\"https:\/\/aucoeurducouple.fr\/\"},{\"@type\":\"ListItem\",\"position\":2,\"name\":\"Nos fondements\"}]},{\"@type\":\"WebSite\",\"@id\":\"https:\/\/aucoeurducouple.fr\/#website\",\"url\":\"https:\/\/aucoeurducouple.fr\/\",\"name\":\"Au Coeur du Couple\",\"description\":\"Les 4 piliers de la relation amoureuse\",\"publisher\":{\"@id\":\"https:\/\/aucoeurducouple.fr\/#organization\"},\"potentialAction\":[{\"@type\":\"SearchAction\",\"target\":{\"@type\":\"EntryPoint\",\"urlTemplate\":\"https:\/\/aucoeurducouple.fr\/?s={search_term_string}\"},\"query-input\":{\"@type\":\"PropertyValueSpecification\",\"valueRequired\":true,\"valueName\":\"search_term_string\"}}],\"inLanguage\":\"fr-FR\"},{\"@type\":\"Organization\",\"@id\":\"https:\/\/aucoeurducouple.fr\/#organization\",\"name\":\"Au Coeur du Couple\",\"url\":\"https:\/\/aucoeurducouple.fr\/\",\"logo\":{\"@type\":\"ImageObject\",\"inLanguage\":\"fr-FR\",\"@id\":\"https:\/\/aucoeurducouple.fr\/#\/schema\/logo\/image\/\",\"url\":\"https:\/\/aucoeurducouple.fr\/wp-content\/uploads\/2020\/02\/logo1.png\",\"contentUrl\":\"https:\/\/aucoeurducouple.fr\/wp-content\/uploads\/2020\/02\/logo1.png\",\"width\":161,\"height\":144,\"caption\":\"Au Coeur du Couple\"},\"image\":{\"@id\":\"https:\/\/aucoeurducouple.fr\/#\/schema\/logo\/image\/\"}}]}<\/script>\n<!-- \/ Yoast SEO plugin. -->","yoast_head_json":{"title":"Nos fondements - Au Coeur du Couple","robots":{"index":"index","follow":"follow","max-snippet":"max-snippet:-1","max-image-preview":"max-image-preview:large","max-video-preview":"max-video-preview:-1"},"canonical":"https:\/\/aucoeurducouple.fr\/index.php\/nos-fondements\/","og_locale":"fr_FR","og_type":"article","og_title":"Nos fondements - Au Coeur du Couple","og_description":"Nos fondements : La majorit\u00e9 d\u2019entre nous aspire \u00e0 vivre en couple. A la fois par habitude, car le couple est le mod\u00e8le le plus courant pour fonder une famille et par attrait personnel, pour go\u00fbter \u00e0 cette source de bonheur et d\u2019amour.Pourtant, notre soci\u00e9t\u00e9 actuelle ne nous facilite pas la t\u00e2che : rester en&hellip; Lire la suite","og_url":"https:\/\/aucoeurducouple.fr\/index.php\/nos-fondements\/","og_site_name":"Au Coeur du Couple","article_modified_time":"2025-06-06T13:25:05+00:00","og_image":[{"url":"http:\/\/aucoeurducouple.fr\/wp-content\/uploads\/2020\/02\/mariage-divorce.png","type":"","width":"","height":""}],"twitter_card":"summary_large_image","twitter_misc":{"Dur\u00e9e de lecture estim\u00e9e":"6 minutes"},"schema":{"@context":"https:\/\/schema.org","@graph":[{"@type":"WebPage","@id":"https:\/\/aucoeurducouple.fr\/index.php\/nos-fondements\/","url":"https:\/\/aucoeurducouple.fr\/index.php\/nos-fondements\/","name":"Nos fondements - Au Coeur du Couple","isPartOf":{"@id":"https:\/\/aucoeurducouple.fr\/#website"},"primaryImageOfPage":{"@id":"https:\/\/aucoeurducouple.fr\/index.php\/nos-fondements\/#primaryimage"},"image":{"@id":"https:\/\/aucoeurducouple.fr\/index.php\/nos-fondements\/#primaryimage"},"thumbnailUrl":"http:\/\/aucoeurducouple.fr\/wp-content\/uploads\/2020\/02\/mariage-divorce.png","datePublished":"2020-02-16T16:06:24+00:00","dateModified":"2025-06-06T13:25:05+00:00","breadcrumb":{"@id":"https:\/\/aucoeurducouple.fr\/index.php\/nos-fondements\/#breadcrumb"},"inLanguage":"fr-FR","potentialAction":[{"@type":"ReadAction","target":["https:\/\/aucoeurducouple.fr\/index.php\/nos-fondements\/"]}]},{"@type":"ImageObject","inLanguage":"fr-FR","@id":"https:\/\/aucoeurducouple.fr\/index.php\/nos-fondements\/#primaryimage","url":"https:\/\/aucoeurducouple.fr\/wp-content\/uploads\/2020\/02\/mariage-divorce.png","contentUrl":"https:\/\/aucoeurducouple.fr\/wp-content\/uploads\/2020\/02\/mariage-divorce.png","width":1800,"height":318},{"@type":"BreadcrumbList","@id":"https:\/\/aucoeurducouple.fr\/index.php\/nos-fondements\/#breadcrumb","itemListElement":[{"@type":"ListItem","position":1,"name":"Accueil","item":"https:\/\/aucoeurducouple.fr\/"},{"@type":"ListItem","position":2,"name":"Nos fondements"}]},{"@type":"WebSite","@id":"https:\/\/aucoeurducouple.fr\/#website","url":"https:\/\/aucoeurducouple.fr\/","name":"Au Coeur du Couple","description":"Les 4 piliers de la relation amoureuse","publisher":{"@id":"https:\/\/aucoeurducouple.fr\/#organization"},"potentialAction":[{"@type":"SearchAction","target":{"@type":"EntryPoint","urlTemplate":"https:\/\/aucoeurducouple.fr\/?s={search_term_string}"},"query-input":{"@type":"PropertyValueSpecification","valueRequired":true,"valueName":"search_term_string"}}],"inLanguage":"fr-FR"},{"@type":"Organization","@id":"https:\/\/aucoeurducouple.fr\/#organization","name":"Au Coeur du Couple","url":"https:\/\/aucoeurducouple.fr\/","logo":{"@type":"ImageObject","inLanguage":"fr-FR","@id":"https:\/\/aucoeurducouple.fr\/#\/schema\/logo\/image\/","url":"https:\/\/aucoeurducouple.fr\/wp-content\/uploads\/2020\/02\/logo1.png","contentUrl":"https:\/\/aucoeurducouple.fr\/wp-content\/uploads\/2020\/02\/logo1.png","width":161,"height":144,"caption":"Au Coeur du Couple"},"image":{"@id":"https:\/\/aucoeurducouple.fr\/#\/schema\/logo\/image\/"}}]}},"_links":{"self":[{"href":"https:\/\/aucoeurducouple.fr\/index.php\/wp-json\/wp\/v2\/pages\/138","targetHints":{"allow":["GET"]}}],"collection":[{"href":"https:\/\/aucoeurducouple.fr\/index.php\/wp-json\/wp\/v2\/pages"}],"about":[{"href":"https:\/\/aucoeurducouple.fr\/index.php\/wp-json\/wp\/v2\/types\/page"}],"author":[{"embeddable":true,"href":"https:\/\/aucoeurducouple.fr\/index.php\/wp-json\/wp\/v2\/users\/1"}],"replies":[{"embeddable":true,"href":"https:\/\/aucoeurducouple.fr\/index.php\/wp-json\/wp\/v2\/comments?post=138"}],"version-history":[{"count":36,"href":"https:\/\/aucoeurducouple.fr\/index.php\/wp-json\/wp\/v2\/pages\/138\/revisions"}],"predecessor-version":[{"id":1064,"href":"https:\/\/aucoeurducouple.fr\/index.php\/wp-json\/wp\/v2\/pages\/138\/revisions\/1064"}],"wp:attachment":[{"href":"https:\/\/aucoeurducouple.fr\/index.php\/wp-json\/wp\/v2\/media?parent=138"}],"curies":[{"name":"wp","href":"https:\/\/api.w.org\/{rel}","templated":true}]}}