{"id":282,"date":"2020-02-18T11:35:52","date_gmt":"2020-02-18T10:35:52","guid":{"rendered":"http:\/\/aucoeurducouple.fr\/?page_id=282"},"modified":"2026-02-15T18:12:19","modified_gmt":"2026-02-15T17:12:19","slug":"contact","status":"publish","type":"page","link":"https:\/\/aucoeurducouple.fr\/index.php\/contact\/","title":{"rendered":"Contact"},"content":{"rendered":"<div  id=\"cta-1\" class=\"cta-centered-bg-section content-section content-section-spacing-medium white-text\" style=\"background-color: rgba(255, 255, 255, 0); background-image: none;\" data-label=\"Cta\" data-id=\"cta--1\" data-export-id=\"cta-centered-bg-section\" data-category=\"cta\" data-section-ov=\"1\" data-parallax-depth=\"20\">\n<div  class=\"gridContainer\">\n<div  class=\"row text-center\">\n<div  class=\"\" data-type=\"column\">\n<h2  class=\"\"><span  style=\"font-weight: 400; color: #8676a7; font-family: Lobster, arial, helvetica, sans-serif;\">Une question, un renseignement, une demande d\u2019inscription ?<\/span><\/h2>\n<\/div>\n<\/div>\n<\/div>\n<\/div><div  id=\"contact-1\" class=\"contact-1 content-section content-section-spacing white-text\" style=\"background-color: #ffffff; background-image: url('http:\/\/aucoeurducouple.fr\/wp-content\/uploads\/2020\/02\/couple-6.jpg'); background-size: cover; background-position: center top;\" data-label=\"Contact\" data-id=\"contact--1\" data-export-id=\"contact-1\" data-category=\"contact\" data-parallax-depth=\"20\">\n<div  class=\"gridContainer\">\n<div  class=\"row text-center\">\n<div  class=\"section-title-col\" data-type=\"column\">\n\n\n\n<p  class=\"lead\">Cassine : T\u00e9l : 06 16 82 50 83 : cassineteheux@yahoo.fr<\/p>\nYannick : T\u00e9l : 06 26 73 12 38 : yannickbertin@yahoo.fr\n\n<\/div>\n<\/div>\n<div  class=\"row text-center\">\n<div  class=\"col-xs-12 col-sm-8 col-sm-offset-2 contact-form-wrapper\">\n<div  class=\"card large-padding\">\n<div  class=\"\" data-content-shortcode=\"mesmerize_contact_form shortcode=&quot;contact-form-7 id=&amp;amp;quot;357&amp;amp;quot; title=&amp;amp;quot;Formulaire de contact 1&amp;amp;quot;&quot;\" data-editable=\"true\">\n<div class=\"wpcf7 no-js\" id=\"wpcf7-f357-o1\" lang=\"fr-FR\" dir=\"ltr\" data-wpcf7-id=\"357\">\n<div class=\"screen-reader-response\"><p role=\"status\" aria-live=\"polite\" aria-atomic=\"true\"><\/p> <ul><\/ul><\/div>\n<form action=\"\/index.php\/wp-json\/wp\/v2\/pages\/282#wpcf7-f357-o1\" method=\"post\" class=\"wpcf7-form init\" aria-label=\"Formulaire de contact\" novalidate=\"novalidate\" data-status=\"init\">\n<fieldset class=\"hidden-fields-container\"><input type=\"hidden\" name=\"_wpcf7\" value=\"357\" \/><input type=\"hidden\" name=\"_wpcf7_version\" value=\"6.1.5\" \/><input type=\"hidden\" name=\"_wpcf7_locale\" value=\"fr_FR\" \/><input type=\"hidden\" name=\"_wpcf7_unit_tag\" value=\"wpcf7-f357-o1\" \/><input type=\"hidden\" name=\"_wpcf7_container_post\" value=\"0\" \/><input type=\"hidden\" name=\"_wpcf7_posted_data_hash\" value=\"\" \/><input type=\"hidden\" name=\"_wpcf7_recaptcha_response\" value=\"\" \/>\n<\/fieldset>\n<p><label> Votre nom:<br \/>\n<span class=\"wpcf7-form-control-wrap\" data-name=\"your-name\"><input size=\"40\" maxlength=\"400\" class=\"wpcf7-form-control wpcf7-text wpcf7-validates-as-required\" aria-required=\"true\" aria-invalid=\"false\" value=\"\" type=\"text\" name=\"your-name\" \/><\/span> <\/label>\n<\/p>\n<p><label> Votre adresse de messagerie :<br \/>\n<span class=\"wpcf7-form-control-wrap\" data-name=\"your-email\"><input size=\"40\" maxlength=\"400\" class=\"wpcf7-form-control wpcf7-email wpcf7-validates-as-required wpcf7-text wpcf7-validates-as-email\" aria-required=\"true\" aria-invalid=\"false\" value=\"\" type=\"email\" name=\"your-email\" \/><\/span> <\/label>\n<\/p>\n<p><label> Vous nous contacter pour :<span class=\"wpcf7-form-control-wrap\" data-name=\"menu-497\"><select class=\"wpcf7-form-control wpcf7-select wpcf7-validates-as-required\" aria-required=\"true\" aria-invalid=\"false\" multiple=\"multiple\" name=\"menu-497[]\"><option value=\"\">&#8212;Veuillez choisir une option&#8212;<\/option><option value=\"Soir\u00e9es amoureuses\">Soir\u00e9es amoureuses<\/option><option value=\"Th\u00e9rapie de couple\">Th\u00e9rapie de couple<\/option><option value=\"\u00c9v\u00e8nements\">\u00c9v\u00e8nements<\/option><option value=\"Autres\">Autres<\/option><\/select><\/span><\/label>\n<\/p>\n<p><label> Votre message<br \/>\n<span class=\"wpcf7-form-control-wrap\" data-name=\"your-message\"><textarea cols=\"40\" rows=\"10\" maxlength=\"2000\" class=\"wpcf7-form-control wpcf7-textarea\" aria-invalid=\"false\" name=\"your-message\"><\/textarea><\/span> <\/label>\n<\/p>\n<p><label> J'ai lu et j'accepte la politique de confidentialit\u00e9 du site* :<br \/>\n<span class=\"wpcf7-form-control-wrap\" data-name=\"checkbox-897\"><span class=\"wpcf7-form-control wpcf7-checkbox wpcf7-validates-as-required\"><span class=\"wpcf7-list-item first last\"><input type=\"checkbox\" name=\"checkbox-897[]\" value=\"oui\" \/><span class=\"wpcf7-list-item-label\">oui<\/span><\/span><\/span><\/span> <\/label>\n<\/p>\n<p><input class=\"wpcf7-form-control wpcf7-submit has-spinner\" type=\"submit\" value=\"Envoyer\" \/>\n<\/p><div class=\"wpcf7-response-output\" aria-hidden=\"true\"><\/div>\n<\/form>\n<\/div>\n<\/div>\n<\/div>\n<\/div>\n<\/div>\n<\/div>\n<\/div><div  id=\"content-1\" class=\"content-12 content-section content-section-spacing\" style=\"background-color: #f5fafd;\" data-label=\"Content\" data-id=\"content--1\" data-export-id=\"content-12\" data-category=\"content\">\n<div  class=\"gridContainer\">\n<div  class=\"row text-center\">\n<div  class=\"section-title-col\" data-type=\"column\">\n<p  class=\"lead\"><span  style=\"font-family: Muli, arial, helvetica, sans-serif;\"><span  style=\"font-weight: 900;\">*<\/span> <a  href=\"https:\/\/aucoeurducouple.fr\/index.php\/politique-de-confidentialite-2\" target=\"_self\" rel=\"noopener noreferrer\" data-cp-link=\"1\">voir la page politique de confidentialit\u00e9 du site<\/a><\/span><\/p>\n\n<\/div>\n<\/div>\n<div  class=\"row center-xs middle-xs\">\n<div  class=\"col-sm-9\" data-type=\"column\"><\/div>\n<\/div>\n<\/div>\n<\/div><div  id=\"contact-2\" class=\"contact-4 content-section\" style=\"background-color: #ffffff;\" data-label=\"Contact\" data-id=\"contact--2\" data-export-id=\"contact-4\" data-category=\"contact\">\n<div  class=\"\">\n<div  class=\"row text-center\" data-section-title-area=\"true\">\n<div  class=\"section-title-col\" data-type=\"column\">\n<h2  class=\"\"><span  style=\"font-weight: 300; color: #8676a7; font-family: Lobster, arial, helvetica, sans-serif;\">Nos lieux de consultation :<\/span><\/h2>\n<p  class=\"lead\"><span  style=\"font-weight: 600;\">Cassine Teheux : 12 Rue Ferdinand Buisson, 45000 Orl\u00e9ans\n<br >Yannick Bertin : 9 rue Royale, 45000 Orl\u00e9ans<\/span><\/p>\n\n<\/div>\n<\/div>\n<div  class=\"row\">\n<div  class=\"col-xs-12 no-gutter-col\">\n<div  class=\"\" data-content-shortcode=\"mesmerize_maps address=&quot; 12 Rue Ferdinand Buisson, 45000 Orl\u00e9ans&quot; zoom=&quot;65&quot;\" data-editable=\"true\"><iframe class=\"mesmerize-google-maps mesmerize-frame-map\" src=\"https:\/\/maps.google.com\/maps?q= 12 Rue Ferdinand Buisson, 45000 Orl\u00e9ans&amp;z=14&amp;t=m&amp;output=embed&amp;iwloc=near\"><\/iframe><\/div>\n<\/div>\n<\/div>\n<\/div>\n<\/div>","protected":false},"excerpt":{"rendered":"<p>Une question, un renseignement, une demande d\u2019inscription ? Cassine : T\u00e9l : 06 16 82 50 83 : cassineteheux@yahoo.fr Yannick : T\u00e9l : 06 26 73 12 38 : yannickbertin@yahoo.fr * voir la page politique de confidentialit\u00e9 du site Nos lieux de consultation : Cassine Teheux : 12 Rue Ferdinand Buisson, 45000 Orl\u00e9ans Yannick Bertin&hellip; <br \/> <a class=\"read-more\" href=\"https:\/\/aucoeurducouple.fr\/index.php\/contact\/\">Lire la suite<\/a><\/p>\n","protected":false},"author":1,"featured_media":378,"parent":0,"menu_order":0,"comment_status":"closed","ping_status":"closed","template":"pro\/page-templates\/full-width-page.php","meta":{"footnotes":""},"class_list":["post-282","page","type-page","status-publish","has-post-thumbnail","hentry"],"yoast_head":"<!-- This site is optimized with the Yoast SEO plugin v27.1.1 - https:\/\/yoast.com\/product\/yoast-seo-wordpress\/ -->\n<title>Contact - Au Coeur du Couple<\/title>\n<meta name=\"robots\" content=\"index, follow, max-snippet:-1, max-image-preview:large, max-video-preview:-1\" \/>\n<link rel=\"canonical\" href=\"https:\/\/aucoeurducouple.fr\/index.php\/contact\/\" \/>\n<meta property=\"og:locale\" content=\"fr_FR\" \/>\n<meta property=\"og:type\" content=\"article\" \/>\n<meta property=\"og:title\" content=\"Contact - Au Coeur du Couple\" \/>\n<meta property=\"og:description\" content=\"Une question, un renseignement, une demande d\u2019inscription ? Cassine : T\u00e9l : 06 16 82 50 83 : cassineteheux@yahoo.fr Yannick : T\u00e9l : 06 26 73 12 38 : yannickbertin@yahoo.fr * voir la page politique de confidentialit\u00e9 du site Nos lieux de consultation : Cassine Teheux : 12 Rue Ferdinand Buisson, 45000 Orl\u00e9ans Yannick Bertin&hellip; Lire la suite\" \/>\n<meta property=\"og:url\" content=\"https:\/\/aucoeurducouple.fr\/index.php\/contact\/\" \/>\n<meta property=\"og:site_name\" content=\"Au Coeur du Couple\" \/>\n<meta property=\"article:modified_time\" content=\"2026-02-15T17:12:19+00:00\" \/>\n<meta property=\"og:image\" content=\"http:\/\/aucoeurducouple.fr\/wp-content\/uploads\/2020\/02\/love-600488_1920.jpg\" \/>\n\t<meta property=\"og:image:width\" content=\"1920\" \/>\n\t<meta property=\"og:image:height\" content=\"1275\" \/>\n\t<meta property=\"og:image:type\" content=\"image\/jpeg\" \/>\n<meta name=\"twitter:card\" content=\"summary_large_image\" \/>\n<meta name=\"twitter:label1\" content=\"Dur\u00e9e de lecture estim\u00e9e\" \/>\n\t<meta name=\"twitter:data1\" content=\"1 minute\" \/>\n<script type=\"application\/ld+json\" class=\"yoast-schema-graph\">{\"@context\":\"https:\/\/schema.org\",\"@graph\":[{\"@type\":\"WebPage\",\"@id\":\"https:\/\/aucoeurducouple.fr\/index.php\/contact\/\",\"url\":\"https:\/\/aucoeurducouple.fr\/index.php\/contact\/\",\"name\":\"Contact - Au Coeur du Couple\",\"isPartOf\":{\"@id\":\"https:\/\/aucoeurducouple.fr\/#website\"},\"primaryImageOfPage\":{\"@id\":\"https:\/\/aucoeurducouple.fr\/index.php\/contact\/#primaryimage\"},\"image\":{\"@id\":\"https:\/\/aucoeurducouple.fr\/index.php\/contact\/#primaryimage\"},\"thumbnailUrl\":\"https:\/\/aucoeurducouple.fr\/wp-content\/uploads\/2020\/02\/love-600488_1920.jpg\",\"datePublished\":\"2020-02-18T10:35:52+00:00\",\"dateModified\":\"2026-02-15T17:12:19+00:00\",\"breadcrumb\":{\"@id\":\"https:\/\/aucoeurducouple.fr\/index.php\/contact\/#breadcrumb\"},\"inLanguage\":\"fr-FR\",\"potentialAction\":[{\"@type\":\"ReadAction\",\"target\":[\"https:\/\/aucoeurducouple.fr\/index.php\/contact\/\"]}]},{\"@type\":\"ImageObject\",\"inLanguage\":\"fr-FR\",\"@id\":\"https:\/\/aucoeurducouple.fr\/index.php\/contact\/#primaryimage\",\"url\":\"https:\/\/aucoeurducouple.fr\/wp-content\/uploads\/2020\/02\/love-600488_1920.jpg\",\"contentUrl\":\"https:\/\/aucoeurducouple.fr\/wp-content\/uploads\/2020\/02\/love-600488_1920.jpg\",\"width\":1920,\"height\":1275},{\"@type\":\"BreadcrumbList\",\"@id\":\"https:\/\/aucoeurducouple.fr\/index.php\/contact\/#breadcrumb\",\"itemListElement\":[{\"@type\":\"ListItem\",\"position\":1,\"name\":\"Accueil\",\"item\":\"https:\/\/aucoeurducouple.fr\/\"},{\"@type\":\"ListItem\",\"position\":2,\"name\":\"Contact\"}]},{\"@type\":\"WebSite\",\"@id\":\"https:\/\/aucoeurducouple.fr\/#website\",\"url\":\"https:\/\/aucoeurducouple.fr\/\",\"name\":\"Au Coeur du Couple\",\"description\":\"Les 4 piliers de la relation amoureuse\",\"publisher\":{\"@id\":\"https:\/\/aucoeurducouple.fr\/#organization\"},\"potentialAction\":[{\"@type\":\"SearchAction\",\"target\":{\"@type\":\"EntryPoint\",\"urlTemplate\":\"https:\/\/aucoeurducouple.fr\/?s={search_term_string}\"},\"query-input\":{\"@type\":\"PropertyValueSpecification\",\"valueRequired\":true,\"valueName\":\"search_term_string\"}}],\"inLanguage\":\"fr-FR\"},{\"@type\":\"Organization\",\"@id\":\"https:\/\/aucoeurducouple.fr\/#organization\",\"name\":\"Au Coeur du Couple\",\"url\":\"https:\/\/aucoeurducouple.fr\/\",\"logo\":{\"@type\":\"ImageObject\",\"inLanguage\":\"fr-FR\",\"@id\":\"https:\/\/aucoeurducouple.fr\/#\/schema\/logo\/image\/\",\"url\":\"https:\/\/aucoeurducouple.fr\/wp-content\/uploads\/2020\/02\/logo1.png\",\"contentUrl\":\"https:\/\/aucoeurducouple.fr\/wp-content\/uploads\/2020\/02\/logo1.png\",\"width\":161,\"height\":144,\"caption\":\"Au Coeur du Couple\"},\"image\":{\"@id\":\"https:\/\/aucoeurducouple.fr\/#\/schema\/logo\/image\/\"}}]}<\/script>\n<!-- \/ Yoast SEO plugin. -->","yoast_head_json":{"title":"Contact - Au Coeur du Couple","robots":{"index":"index","follow":"follow","max-snippet":"max-snippet:-1","max-image-preview":"max-image-preview:large","max-video-preview":"max-video-preview:-1"},"canonical":"https:\/\/aucoeurducouple.fr\/index.php\/contact\/","og_locale":"fr_FR","og_type":"article","og_title":"Contact - Au Coeur du Couple","og_description":"Une question, un renseignement, une demande d\u2019inscription ? Cassine : T\u00e9l : 06 16 82 50 83 : cassineteheux@yahoo.fr Yannick : T\u00e9l : 06 26 73 12 38 : yannickbertin@yahoo.fr * voir la page politique de confidentialit\u00e9 du site Nos lieux de consultation : Cassine Teheux : 12 Rue Ferdinand Buisson, 45000 Orl\u00e9ans Yannick Bertin&hellip; Lire la suite","og_url":"https:\/\/aucoeurducouple.fr\/index.php\/contact\/","og_site_name":"Au Coeur du Couple","article_modified_time":"2026-02-15T17:12:19+00:00","og_image":[{"width":1920,"height":1275,"url":"http:\/\/aucoeurducouple.fr\/wp-content\/uploads\/2020\/02\/love-600488_1920.jpg","type":"image\/jpeg"}],"twitter_card":"summary_large_image","twitter_misc":{"Dur\u00e9e de lecture estim\u00e9e":"1 minute"},"schema":{"@context":"https:\/\/schema.org","@graph":[{"@type":"WebPage","@id":"https:\/\/aucoeurducouple.fr\/index.php\/contact\/","url":"https:\/\/aucoeurducouple.fr\/index.php\/contact\/","name":"Contact - Au Coeur du Couple","isPartOf":{"@id":"https:\/\/aucoeurducouple.fr\/#website"},"primaryImageOfPage":{"@id":"https:\/\/aucoeurducouple.fr\/index.php\/contact\/#primaryimage"},"image":{"@id":"https:\/\/aucoeurducouple.fr\/index.php\/contact\/#primaryimage"},"thumbnailUrl":"https:\/\/aucoeurducouple.fr\/wp-content\/uploads\/2020\/02\/love-600488_1920.jpg","datePublished":"2020-02-18T10:35:52+00:00","dateModified":"2026-02-15T17:12:19+00:00","breadcrumb":{"@id":"https:\/\/aucoeurducouple.fr\/index.php\/contact\/#breadcrumb"},"inLanguage":"fr-FR","potentialAction":[{"@type":"ReadAction","target":["https:\/\/aucoeurducouple.fr\/index.php\/contact\/"]}]},{"@type":"ImageObject","inLanguage":"fr-FR","@id":"https:\/\/aucoeurducouple.fr\/index.php\/contact\/#primaryimage","url":"https:\/\/aucoeurducouple.fr\/wp-content\/uploads\/2020\/02\/love-600488_1920.jpg","contentUrl":"https:\/\/aucoeurducouple.fr\/wp-content\/uploads\/2020\/02\/love-600488_1920.jpg","width":1920,"height":1275},{"@type":"BreadcrumbList","@id":"https:\/\/aucoeurducouple.fr\/index.php\/contact\/#breadcrumb","itemListElement":[{"@type":"ListItem","position":1,"name":"Accueil","item":"https:\/\/aucoeurducouple.fr\/"},{"@type":"ListItem","position":2,"name":"Contact"}]},{"@type":"WebSite","@id":"https:\/\/aucoeurducouple.fr\/#website","url":"https:\/\/aucoeurducouple.fr\/","name":"Au Coeur du Couple","description":"Les 4 piliers de la relation amoureuse","publisher":{"@id":"https:\/\/aucoeurducouple.fr\/#organization"},"potentialAction":[{"@type":"SearchAction","target":{"@type":"EntryPoint","urlTemplate":"https:\/\/aucoeurducouple.fr\/?s={search_term_string}"},"query-input":{"@type":"PropertyValueSpecification","valueRequired":true,"valueName":"search_term_string"}}],"inLanguage":"fr-FR"},{"@type":"Organization","@id":"https:\/\/aucoeurducouple.fr\/#organization","name":"Au Coeur du Couple","url":"https:\/\/aucoeurducouple.fr\/","logo":{"@type":"ImageObject","inLanguage":"fr-FR","@id":"https:\/\/aucoeurducouple.fr\/#\/schema\/logo\/image\/","url":"https:\/\/aucoeurducouple.fr\/wp-content\/uploads\/2020\/02\/logo1.png","contentUrl":"https:\/\/aucoeurducouple.fr\/wp-content\/uploads\/2020\/02\/logo1.png","width":161,"height":144,"caption":"Au Coeur du Couple"},"image":{"@id":"https:\/\/aucoeurducouple.fr\/#\/schema\/logo\/image\/"}}]}},"_links":{"self":[{"href":"https:\/\/aucoeurducouple.fr\/index.php\/wp-json\/wp\/v2\/pages\/282","targetHints":{"allow":["GET"]}}],"collection":[{"href":"https:\/\/aucoeurducouple.fr\/index.php\/wp-json\/wp\/v2\/pages"}],"about":[{"href":"https:\/\/aucoeurducouple.fr\/index.php\/wp-json\/wp\/v2\/types\/page"}],"author":[{"embeddable":true,"href":"https:\/\/aucoeurducouple.fr\/index.php\/wp-json\/wp\/v2\/users\/1"}],"replies":[{"embeddable":true,"href":"https:\/\/aucoeurducouple.fr\/index.php\/wp-json\/wp\/v2\/comments?post=282"}],"version-history":[{"count":23,"href":"https:\/\/aucoeurducouple.fr\/index.php\/wp-json\/wp\/v2\/pages\/282\/revisions"}],"predecessor-version":[{"id":1238,"href":"https:\/\/aucoeurducouple.fr\/index.php\/wp-json\/wp\/v2\/pages\/282\/revisions\/1238"}],"wp:featuredmedia":[{"embeddable":true,"href":"https:\/\/aucoeurducouple.fr\/index.php\/wp-json\/wp\/v2\/media\/378"}],"wp:attachment":[{"href":"https:\/\/aucoeurducouple.fr\/index.php\/wp-json\/wp\/v2\/media?parent=282"}],"curies":[{"name":"wp","href":"https:\/\/api.w.org\/{rel}","templated":true}]}}